{"id":4,"date":"2020-05-11T07:33:44","date_gmt":"2020-05-11T07:33:44","guid":{"rendered":"http:\/\/amaturaterapiasnaturales.es\/bienvenido-a-http-amaturaterapiasnaturales-es"},"modified":"2026-03-16T16:05:03","modified_gmt":"2026-03-16T16:05:03","slug":"bienvenido-a-http-amaturaterapiasnaturales-es","status":"publish","type":"page","link":"https:\/\/amaturaterapiasnaturales.es\/","title":{"rendered":"Amatura | Terapias Naturales"},"content":{"rendered":"\t\t<div data-elementor-type=\"wp-page\" data-elementor-id=\"4\" class=\"elementor elementor-4\">\n\t\t\t\t\t\t<div class=\"elementor-inner\">\n\t\t\t\t<div class=\"elementor-section-wrap\">\n\t\t\t\t\t\t\t\t\t<section class=\"elementor-section elementor-top-section elementor-element elementor-element-3264fe6 elementor-section-stretched elementor-section-height-min-height elementor-section-boxed elementor-section-height-default elementor-section-items-middle\" data-id=\"3264fe6\" data-element_type=\"section\" data-settings=\"{&quot;stretch_section&quot;:&quot;section-stretched&quot;}\">\n\t\t\t\t\t\t<div class=\"elementor-container elementor-column-gap-custom\">\n\t\t\t\t\t\t\t<div class=\"elementor-row\">\n\t\t\t\t\t<div class=\"elementor-column elementor-col-100 elementor-top-column elementor-element elementor-element-7759ae0\" data-id=\"7759ae0\" data-element_type=\"column\">\n\t\t\t<div class=\"elementor-column-wrap elementor-element-populated\">\n\t\t\t\t\t\t\t<div class=\"elementor-widget-wrap\">\n\t\t\t\t\t\t<div class=\"elementor-element elementor-element-87ffc1e elementor-widget__width-inherit elementor-widget elementor-widget-heading\" data-id=\"87ffc1e\" data-element_type=\"widget\" data-widget_type=\"heading.default\">\n\t\t\t\t<div class=\"elementor-widget-container\">\n\t\t\t<h2 class=\"elementor-heading-title elementor-size-xl\">\n\n\nAmatura<\/h2>\t\t<\/div>\n\t\t\t\t<\/div>\n\t\t\t\t<div class=\"elementor-element elementor-element-b7cac81 elementor-widget__width-initial elementor-widget elementor-widget-text-editor\" data-id=\"b7cac81\" data-element_type=\"widget\" data-widget_type=\"text-editor.default\">\n\t\t\t\t<div class=\"elementor-widget-container\">\n\t\t\t\t\t\t\t\t<div class=\"elementor-text-editor elementor-clearfix\">\n\t\t\t\t<div class=\"page\" title=\"Page 1\"><div class=\"section\"><div class=\"layoutArea\"><div class=\"column\"><p style=\"text-align: center;\">Es la uni\u00f3n de las palabras AMAR y NATURA, pues nace del amor por el cuidado de nuestra naturaleza interna.<\/p><p style=\"text-align: center;\">Amatura es un espacio donde queremos que te sientas seguro en todo momento, donde puedas expresar como te sientes a todos los niveles.<\/p><p style=\"text-align: center;\">Trabajamos en equipo para poder ayudarte con mayor amplitud de terapias, y estamos comprometidas con nuestra formaci\u00f3n como terapeutas para ofrecer lo mejor de nosotras mismas.<\/p><p style=\"text-align: center;\">Nuestra visi\u00f3n es hol\u00edstica y est\u00e1 basada en las distintas filosof\u00edas orientales que hemos estudiado, por ello damos importancia a todos los planos del ser humano en su totalidad.<\/p><p style=\"text-align: center;\">Te invitamos a iniciar un viaje de autoconocimiento hacia tu naturaleza interna, hacia tu propia AMATURA.<\/p><\/div><\/div><\/div><\/div>\t\t\t\t\t<\/div>\n\t\t\t\t\t\t<\/div>\n\t\t\t\t<\/div>\n\t\t\t\t\t\t<\/div>\n\t\t\t\t\t<\/div>\n\t\t<\/div>\n\t\t\t\t\t\t\t\t<\/div>\n\t\t\t\t\t<\/div>\n\t\t<\/section>\n\t\t\t\t<section class=\"elementor-section elementor-top-section elementor-element elementor-element-0267a0e elementor-section-stretched elementor-section-boxed elementor-section-height-default elementor-section-height-default\" data-id=\"0267a0e\" data-element_type=\"section\" data-settings=\"{&quot;stretch_section&quot;:&quot;section-stretched&quot;}\">\n\t\t\t\t\t\t\t<div class=\"elementor-background-overlay\"><\/div>\n\t\t\t\t\t\t\t<div class=\"elementor-container elementor-column-gap-default\">\n\t\t\t\t\t\t\t<div class=\"elementor-row\">\n\t\t\t\t\t<div class=\"elementor-column elementor-col-100 elementor-top-column elementor-element elementor-element-97d41c3\" data-id=\"97d41c3\" data-element_type=\"column\">\n\t\t\t<div class=\"elementor-column-wrap elementor-element-populated\">\n\t\t\t\t\t\t\t<div class=\"elementor-widget-wrap\">\n\t\t\t\t\t\t<div class=\"elementor-element elementor-element-34770c4 elementor-widget elementor-widget-spacer\" data-id=\"34770c4\" data-element_type=\"widget\" data-widget_type=\"spacer.default\">\n\t\t\t\t<div class=\"elementor-widget-container\">\n\t\t\t\t\t<div class=\"elementor-spacer\">\n\t\t\t<div class=\"elementor-spacer-inner\"><\/div>\n\t\t<\/div>\n\t\t\t\t<\/div>\n\t\t\t\t<\/div>\n\t\t\t\t<div class=\"elementor-element elementor-element-d8ecf09 elementor-widget elementor-widget-heading\" data-id=\"d8ecf09\" data-element_type=\"widget\" data-widget_type=\"heading.default\">\n\t\t\t\t<div class=\"elementor-widget-container\">\n\t\t\t<h2 class=\"elementor-heading-title elementor-size-large\">Sobre m\u00ed<\/h2>\t\t<\/div>\n\t\t\t\t<\/div>\n\t\t\t\t<div class=\"elementor-element elementor-element-3fb1e6e elementor-widget-divider--view-line elementor-widget elementor-widget-divider\" data-id=\"3fb1e6e\" data-element_type=\"widget\" data-widget_type=\"divider.default\">\n\t\t\t\t<div class=\"elementor-widget-container\">\n\t\t\t\t\t<div class=\"elementor-divider\">\n\t\t\t<span class=\"elementor-divider-separator\">\n\t\t\t\t\t\t<\/span>\n\t\t<\/div>\n\t\t\t\t<\/div>\n\t\t\t\t<\/div>\n\t\t\t\t<div class=\"elementor-element elementor-element-1cb02d6 elementor-widget elementor-widget-spacer\" data-id=\"1cb02d6\" data-element_type=\"widget\" data-widget_type=\"spacer.default\">\n\t\t\t\t<div class=\"elementor-widget-container\">\n\t\t\t\t\t<div class=\"elementor-spacer\">\n\t\t\t<div class=\"elementor-spacer-inner\"><\/div>\n\t\t<\/div>\n\t\t\t\t<\/div>\n\t\t\t\t<\/div>\n\t\t\t\t\t\t<\/div>\n\t\t\t\t\t<\/div>\n\t\t<\/div>\n\t\t\t\t\t\t\t\t<\/div>\n\t\t\t\t\t<\/div>\n\t\t<\/section>\n\t\t\t\t<section class=\"elementor-section elementor-top-section elementor-element elementor-element-726b36a elementor-section-stretched elementor-section-boxed elementor-section-height-default elementor-section-height-default\" data-id=\"726b36a\" data-element_type=\"section\" data-settings=\"{&quot;stretch_section&quot;:&quot;section-stretched&quot;}\">\n\t\t\t\t\t\t\t<div class=\"elementor-background-overlay\"><\/div>\n\t\t\t\t\t\t\t<div class=\"elementor-container elementor-column-gap-default\">\n\t\t\t\t\t\t\t<div class=\"elementor-row\">\n\t\t\t\t\t<div class=\"elementor-column elementor-col-50 elementor-top-column elementor-element elementor-element-115d61b\" data-id=\"115d61b\" data-element_type=\"column\">\n\t\t\t<div class=\"elementor-column-wrap elementor-element-populated\">\n\t\t\t\t\t\t\t<div class=\"elementor-widget-wrap\">\n\t\t\t\t\t\t<div class=\"elementor-element elementor-element-a3c37d7 elementor-widget elementor-widget-image\" data-id=\"a3c37d7\" data-element_type=\"widget\" data-widget_type=\"image.default\">\n\t\t\t\t<div class=\"elementor-widget-container\">\n\t\t\t\t\t\t\t\t<div class=\"elementor-image\">\n\t\t\t\t\t\t\t\t\t\t\t\t<img loading=\"lazy\" decoding=\"async\" width=\"2048\" height=\"2560\" src=\"https:\/\/amaturaterapiasnaturales.es\/wp-content\/uploads\/2024\/05\/Carmina-Vidal-scaled.jpg\" class=\"attachment-full size-full\" alt=\"\" srcset=\"https:\/\/amaturaterapiasnaturales.es\/wp-content\/uploads\/2024\/05\/Carmina-Vidal-scaled.jpg 2048w, https:\/\/amaturaterapiasnaturales.es\/wp-content\/uploads\/2024\/05\/Carmina-Vidal-240x300.jpg 240w, https:\/\/amaturaterapiasnaturales.es\/wp-content\/uploads\/2024\/05\/Carmina-Vidal-819x1024.jpg 819w, https:\/\/amaturaterapiasnaturales.es\/wp-content\/uploads\/2024\/05\/Carmina-Vidal-768x960.jpg 768w, https:\/\/amaturaterapiasnaturales.es\/wp-content\/uploads\/2024\/05\/Carmina-Vidal-1229x1536.jpg 1229w, https:\/\/amaturaterapiasnaturales.es\/wp-content\/uploads\/2024\/05\/Carmina-Vidal-1638x2048.jpg 1638w, https:\/\/amaturaterapiasnaturales.es\/wp-content\/uploads\/2024\/05\/Carmina-Vidal-280x350.jpg 280w, https:\/\/amaturaterapiasnaturales.es\/wp-content\/uploads\/2024\/05\/Carmina-Vidal-scaled-2000x2500.jpg 2000w\" sizes=\"100vw\" \/>\t\t\t\t\t\t\t\t\t\t\t\t\t\t<\/div>\n\t\t\t\t\t\t<\/div>\n\t\t\t\t<\/div>\n\t\t\t\t<div class=\"elementor-element elementor-element-9562bfe elementor-widget elementor-widget-spacer\" data-id=\"9562bfe\" data-element_type=\"widget\" data-widget_type=\"spacer.default\">\n\t\t\t\t<div class=\"elementor-widget-container\">\n\t\t\t\t\t<div class=\"elementor-spacer\">\n\t\t\t<div class=\"elementor-spacer-inner\"><\/div>\n\t\t<\/div>\n\t\t\t\t<\/div>\n\t\t\t\t<\/div>\n\t\t\t\t\t\t<\/div>\n\t\t\t\t\t<\/div>\n\t\t<\/div>\n\t\t\t\t<div class=\"elementor-column elementor-col-50 elementor-top-column elementor-element elementor-element-0edfaed\" data-id=\"0edfaed\" data-element_type=\"column\">\n\t\t\t<div class=\"elementor-column-wrap elementor-element-populated\">\n\t\t\t\t\t\t\t<div class=\"elementor-widget-wrap\">\n\t\t\t\t\t\t<div class=\"elementor-element elementor-element-fa5d0ab elementor-widget elementor-widget-text-editor\" data-id=\"fa5d0ab\" data-element_type=\"widget\" data-widget_type=\"text-editor.default\">\n\t\t\t\t<div class=\"elementor-widget-container\">\n\t\t\t\t\t\t\t\t<div class=\"elementor-text-editor elementor-clearfix\">\n\t\t\t\t<div class=\"page\" title=\"Page 1\"><div class=\"section\"><div class=\"layoutArea\"><div class=\"column\"><p style=\"text-align: center;\">Me inici\u00e9 en el mundo de las terapias muy joven, por mi gran curiosidad en la salud alternativa y una intuici\u00f3n que me permit\u00eda entender el estado de calma como el verdadero estado del bienestar.<\/p><p style=\"text-align: center;\">Desde el momento en que comenc\u00e9 a formarme como masajista, descubr\u00ed el poder transformador del tacto consciente y el cuidado en todos los planos: f\u00edsico, energ\u00e9tico y emocional. Estudi\u00e9 distintas terapias naturales y ancestrales de origen oriental, pero me enamor\u00e9 de la elegancia de terapias japonesas como el Shiatsu y el Masaje Facial Japon\u00e9s, por su filosof\u00eda, donde Salud y Belleza provienen de la misma naturaleza: el equilibrio del Qi (energ\u00eda vital).<\/p><p style=\"text-align: center;\">En los \u00faltimos a\u00f1os, me he formado con grandes maestros y Facialistas, en t\u00e9cnicas de masaje Facial que unen la magia de las t\u00e9cnicas m\u00e1s vanguardistas con la esencia de la tradici\u00f3n, creando una sinergia que convierte cada ritual en una experiencia multisensorial.<\/p><p style=\"text-align: center;\">Mi trayectoria a lo largo de los a\u00f1os ha sido un proceso de escucha profunda y respeto por mi trabajo. Valoro detalladamente la situaci\u00f3n de cada persona, desde la presencia y la escucha, para ayudarle a alcanzar el equilibrio entre su bienestar f\u00edsico, energ\u00e9tico y emocional.<\/p><p style=\"text-align: center;\">\u00a0<\/p><p style=\"text-align: center;\"><span style=\"font-size: 18pt;\">Carmina Vidal<\/span><\/p><p style=\"text-align: center;\">Terapeuta y Facialista Hol\u00edstica<\/p><\/div><\/div><\/div><\/div><p><\/p><\/div><\/div><\/div><\/div><\/div><\/div><\/div><\/div><\/section><\/div><\/div><\/div> <a href=\"https:\/\/amaturaterapiasnaturales.es\/#more-4\" class=\"more-link elementor-more-link\"><span aria-label=\"Sigue leyendo Amatura | Terapias Naturales\">(m\u00e1s&hellip;)<\/span><\/a>","protected":false},"excerpt":{"rendered":"<p>Amatura Es la uni\u00f3n de las palabras AMAR y NATURA, pues nace del amor por el cuidado de nuestra naturaleza interna. Amatura es un espacio donde queremos que te sientas seguro en todo momento, donde puedas expresar como te sientes a todos los niveles. Trabajamos en equipo para poder ayudarte con mayor amplitud de terapias, &hellip; <\/p>\n<p class=\"link-more\"><a href=\"https:\/\/amaturaterapiasnaturales.es\/\" class=\"more-link\">Leer m\u00e1s<span class=\"screen-reader-text\"> \u00abAmatura | Terapias Naturales\u00bb<\/span><\/a><\/p>\n","protected":false},"author":1,"featured_media":91,"parent":0,"menu_order":0,"comment_status":"closed","ping_status":"closed","template":"elementor_header_footer","meta":{"footnotes":""},"class_list":["post-4","page","type-page","status-publish","has-post-thumbnail","hentry"],"_links":{"self":[{"href":"https:\/\/amaturaterapiasnaturales.es\/index.php?rest_route=\/wp\/v2\/pages\/4"}],"collection":[{"href":"https:\/\/amaturaterapiasnaturales.es\/index.php?rest_route=\/wp\/v2\/pages"}],"about":[{"href":"https:\/\/amaturaterapiasnaturales.es\/index.php?rest_route=\/wp\/v2\/types\/page"}],"author":[{"embeddable":true,"href":"https:\/\/amaturaterapiasnaturales.es\/index.php?rest_route=\/wp\/v2\/users\/1"}],"replies":[{"embeddable":true,"href":"https:\/\/amaturaterapiasnaturales.es\/index.php?rest_route=%2Fwp%2Fv2%2Fcomments&post=4"}],"version-history":[{"count":126,"href":"https:\/\/amaturaterapiasnaturales.es\/index.php?rest_route=\/wp\/v2\/pages\/4\/revisions"}],"predecessor-version":[{"id":1174,"href":"https:\/\/amaturaterapiasnaturales.es\/index.php?rest_route=\/wp\/v2\/pages\/4\/revisions\/1174"}],"wp:featuredmedia":[{"embeddable":true,"href":"https:\/\/amaturaterapiasnaturales.es\/index.php?rest_route=\/wp\/v2\/media\/91"}],"wp:attachment":[{"href":"https:\/\/amaturaterapiasnaturales.es\/index.php?rest_route=%2Fwp%2Fv2%2Fmedia&parent=4"}],"curies":[{"name":"wp","href":"https:\/\/api.w.org\/{rel}","templated":true}]}}